{"id":7260,"date":"2024-10-30T20:55:33","date_gmt":"2024-10-30T20:55:33","guid":{"rendered":"https:\/\/leaderenaction.ca\/?post_type=product&#038;p=7260"},"modified":"2026-02-24T19:52:03","modified_gmt":"2026-02-24T19:52:03","slug":"marketing-de-soi-demarquez-vous","status":"publish","type":"product","link":"https:\/\/staging.leaderenaction.ca\/en\/produit\/marketing-de-soi-demarquez-vous\/","title":{"rendered":"Marketing de soi: D\u00e9marquez-vous!"},"content":{"rendered":"<h5><strong>Description g\u00e9n\u00e9rale\u00a0<\/strong><\/h5>\n<p>Durant cette formation, vous apprendrez \u00e0 vous positionner de mani\u00e8re strat\u00e9gique dans votre vie professionnelle en d\u00e9veloppant votre image, votre notori\u00e9t\u00e9 et votre influence. Le marketing de soi consiste \u00e0 appliquer les principes du marketing pour construire, d\u00e9velopper et valoriser votre marque personnelle. Que vous soyez cadre, gestionnaire, vendeur ou entrepreneur, il est essentiel de vous faire conna\u00eetre et de promouvoir votre expertise. En mettant en avant vos forces et en travaillant<strong> votre image <\/strong>professionnelle, vous augmenterez votre visibilit\u00e9 et impact sur le march\u00e9.<\/p>\n<h5><strong>Objectifs de la formation\u00a0<\/strong><\/h5>\n<ul>\n<li>Acqu\u00e9rir des outils concrets pour se positionner de mani\u00e8re strat\u00e9gique dans sa vie professionnelle.<\/li>\n<li>D\u00e9velopper son e-r\u00e9putation, son image, son influence et sa notori\u00e9t\u00e9.<\/li>\n<li>Apprendre \u00e0 se diff\u00e9rencier pour maximiser son impact et son influence dans son secteur.<\/li>\n<\/ul>\n<h5><strong>Th\u00e8mes abord\u00e9s\u00a0<\/strong><\/h5>\n<ul>\n<li>Accro\u00eetre son influence, sa visibilit\u00e9 et son impact dans son milieu professionnel.<\/li>\n<li>Mettre en valeur ses forces et ses talents personnels.<\/li>\n<li>Travailler son image et sa notori\u00e9t\u00e9 en milieu professionnel.<\/li>\n<li>D\u00e9velopper et valoriser son r\u00e9seau professionnel.<\/li>\n<li>Se positionner en tant qu\u2019expert dans son domaine.<\/li>\n<li>Construire et g\u00e9rer sa marque personnelle (e-r\u00e9putation et marque professionnelle).<\/li>\n<li>Accro\u00eetre son impact et renforcer sa visibilit\u00e9 aupr\u00e8s des clients, coll\u00e8gues et partenaires.<\/li>\n<li>Exercices pratiques pour une mise en \u0153uvre imm\u00e9diate des concepts abord\u00e9s.<\/li>\n<\/ul>\n<h5><strong>Public cible\u00a0<\/strong><\/h5>\n<p>Professionnels, gestionnaires, entrepreneurs et toute personne souhaitant d\u00e9velopper son influence, am\u00e9liorer sa visibilit\u00e9 et renforcer son positionnement professionnel.<\/p>\n<h5><strong>B\u00e9n\u00e9fices pour les participants\u00a0<\/strong><\/h5>\n<ul>\n<li>Renforcement de la notori\u00e9t\u00e9 personnelle et professionnelle.<\/li>\n<li>Techniques concr\u00e8tes pour accro\u00eetre son influence et son impact dans son domaine.<\/li>\n<li>D\u00e9veloppement d\u2019une marque personnelle coh\u00e9rente et puissante.<\/li>\n<li>Strat\u00e9gies pour valoriser ses talents et ses comp\u00e9tences aupr\u00e8s de ses coll\u00e8gues, clients et partenaires.<\/li>\n<li>Optimisation du r\u00e9seau professionnel pour cr\u00e9er des opportunit\u00e9s de carri\u00e8re et de collaboration.<\/li>\n<\/ul>\n<h5>Inclus dans votre atelier<\/h5>\n<div>\n<ul>\n<li>Un environnement convivial et confidentiel pour partager vos exp\u00e9riences et apprendre des meilleures pratiques<\/li>\n<li>Mat\u00e9riels fournis : Cahiers de formations et d\u2019exercices; quizz; tests; axe de d\u00e9veloppement<\/li>\n<\/ul>\n<h5><strong>BONUS<\/strong><\/h5>\n<p>Une s\u00e9ance de coaching individuelle apr\u00e9s la formation d&#8217;une valeur de <em><strong>225 $<\/strong><\/em><\/p>\n<p data-start=\"1722\" data-end=\"1873\">\ud83d\udc49 <strong data-start=\"1725\" data-end=\"1787\">R\u00e9servez votre place d\u00e8s maintenant :\u00a0<\/strong><br data-start=\"1787\" data-end=\"1790\" \/><em data-start=\"1790\" data-end=\"1873\">(Les places sont limit\u00e9es pour maintenir un format collaboratif et personnalis\u00e9.)<\/em><\/p>\n<p data-start=\"1722\" data-end=\"1873\"><img decoding=\"async\" class=\"an1\" draggable=\"false\" src=\"https:\/\/fonts.gstatic.com\/s\/e\/notoemoji\/16.0\/1f4cd\/32.png\" alt=\"\ud83d\udccd\" data-emoji=\"\ud83d\udccd\" aria-label=\"\ud83d\udccd\" \/>\u00a0<b>Lieu<\/b>\u00a0: Mercer, 1 Place Ville Marie, suite 1500, Montr\u00e9al<br \/>\n<img decoding=\"async\" class=\"an1\" draggable=\"false\" src=\"https:\/\/fonts.gstatic.com\/s\/e\/notoemoji\/16.0\/1f5d3_fe0f\/32.png\" alt=\"\ud83d\uddd3\ufe0f\" data-emoji=\"\ud83d\uddd3\ufe0f\" aria-label=\"\ud83d\uddd3\ufe0f\" \/>\u00a0<b>Date<\/b> : Vendredi 15 mai 2026 \u2013 de 9 h \u00e0 17 h<\/p>\n<p data-start=\"1722\" data-end=\"1873\">\ud83e\udd57 <strong data-start=\"1405\" data-end=\"1443\">Collations et lunch du midi inclus<\/strong><br data-start=\"1443\" data-end=\"1446\" \/>(si tu as des <strong data-start=\"1460\" data-end=\"1489\">restrictions alimentaires<\/strong>, fais-le-moi savoir avant le 10 mars)<\/p>\n<\/div>\n","protected":false},"excerpt":{"rendered":"<p>Description g\u00e9n\u00e9rale\u00a0 Durant cette formation, vous apprendrez \u00e0 vous positionner de mani\u00e8re strat\u00e9gique dans votre vie professionnelle en d\u00e9veloppant votre image, votre notori\u00e9t\u00e9 et votre influence. Le marketing de soi consiste \u00e0 appliquer les principes du marketing pour construire, d\u00e9velopper et valoriser votre marque personnelle. Que vous soyez cadre, gestionnaire, vendeur ou entrepreneur, il est&#8230;<\/p>\n","protected":false},"featured_media":9668,"template":"","meta":{"_acf_changed":false},"product_brand":[],"product_cat":[475,478],"product_tag":[],"class_list":{"0":"post-7260","1":"product","2":"type-product","3":"status-publish","4":"has-post-thumbnail","6":"product_cat-communication","7":"product_cat-intelligeance-emotionnelle","9":"first","10":"instock","11":"sale","12":"taxable","13":"shipping-taxable","14":"purchasable","15":"product-type-simple"},"acf":[],"aioseo_notices":[],"_links":{"self":[{"href":"https:\/\/staging.leaderenaction.ca\/en\/wp-json\/wp\/v2\/product\/7260","targetHints":{"allow":["GET"]}}],"collection":[{"href":"https:\/\/staging.leaderenaction.ca\/en\/wp-json\/wp\/v2\/product"}],"about":[{"href":"https:\/\/staging.leaderenaction.ca\/en\/wp-json\/wp\/v2\/types\/product"}],"wp:featuredmedia":[{"embeddable":true,"href":"https:\/\/staging.leaderenaction.ca\/en\/wp-json\/wp\/v2\/media\/9668"}],"wp:attachment":[{"href":"https:\/\/staging.leaderenaction.ca\/en\/wp-json\/wp\/v2\/media?parent=7260"}],"wp:term":[{"taxonomy":"product_brand","embeddable":true,"href":"https:\/\/staging.leaderenaction.ca\/en\/wp-json\/wp\/v2\/product_brand?post=7260"},{"taxonomy":"product_cat","embeddable":true,"href":"https:\/\/staging.leaderenaction.ca\/en\/wp-json\/wp\/v2\/product_cat?post=7260"},{"taxonomy":"product_tag","embeddable":true,"href":"https:\/\/staging.leaderenaction.ca\/en\/wp-json\/wp\/v2\/product_tag?post=7260"}],"curies":[{"name":"wp","href":"https:\/\/api.w.org\/{rel}","templated":true}]}}