{"id":7259,"date":"2024-10-30T20:44:22","date_gmt":"2024-10-30T20:44:22","guid":{"rendered":"https:\/\/leaderenaction.ca\/?post_type=product&#038;p=7259"},"modified":"2026-02-24T19:52:49","modified_gmt":"2026-02-24T19:52:49","slug":"ommuniquer-comme-un-pro-mieux-gerer-ses-relations-interpersonnelles","status":"publish","type":"product","link":"https:\/\/staging.leaderenaction.ca\/en\/produit\/ommuniquer-comme-un-pro-mieux-gerer-ses-relations-interpersonnelles\/","title":{"rendered":"Communiquer comme un PRO: Mieux g\u00e9rer ses relations interpersonnelles"},"content":{"rendered":"<p>Comment faire passer un message de mani\u00e8re claire et efficace ? Cette formation en communication vous apprendra \u00e0 ma\u00eetriser cet art fondamental. La communication efficace est essentielle dans tous les aspects de la vie, qu\u2019il s\u2019agisse de n\u00e9gocier, de r\u00e9soudre des conflits, de parler en public avec confiance ou de transmettre un message strat\u00e9gique. \u00c0 travers cette formation, vous acquerrez les comp\u00e9tences et outils n\u00e9cessaires pour am\u00e9liorer vos relations professionnelles et personnelles, et devenir un communicateur performant.<\/p>\n<h5><strong>Objectifs de la formation\u00a0<\/strong><\/h5>\n<ul>\n<li>Comprendre votre style de communication et celui de vos interlocuteurs pour maximiser l\u2019impact de vos \u00e9changes.<\/li>\n<li>Apprendre \u00e0 transmettre un message de mani\u00e8re claire et efficace.<\/li>\n<li>Am\u00e9liorer la gestion des relations interpersonnelles au sein de votre organisation.<\/li>\n<\/ul>\n<h5><strong>Th\u00e8mes abord\u00e9s\u00a0<\/strong><\/h5>\n<ul>\n<li>Assimiler l\u2019importance de la communication non verbale.<\/li>\n<li>Comprendre votre style de communicateur.<\/li>\n<li>D\u00e9velopper des relations authentiques et saines pour am\u00e9liorer les performances.<\/li>\n<li>Interpr\u00e9ter le style de communication de l\u2019autre et adopter les bons r\u00e9flexes pour se faire comprendre.<\/li>\n<li>Comprendre l\u2019importance de l\u2019\u00e9coute active.<\/li>\n<li>Acqu\u00e9rir des outils pratiques pour communiquer de mani\u00e8re puissante.<\/li>\n<li>Comprendre et g\u00e9rer les jeux de pouvoir dans la communication.<\/li>\n<li>Exercices pratiques pour une mise en application imm\u00e9diate.<\/li>\n<\/ul>\n<h5><strong>Public cible\u00a0<\/strong><\/h5>\n<p>Professionnels, gestionnaires, leaders, et toute personne souhaitant am\u00e9liorer ses comp\u00e9tences en communication pour renforcer ses relations interpersonnelles, am\u00e9liorer la collaboration au travail, et g\u00e9rer les situations de conflit ou de n\u00e9gociation.<\/p>\n<h5><strong>B\u00e9n\u00e9fices pour les participants\u00a0<\/strong><\/h5>\n<ul>\n<li>Ma\u00eetrise des comp\u00e9tences essentielles pour une communication claire et impactante.<\/li>\n<li>Am\u00e9lioration des relations professionnelles gr\u00e2ce \u00e0 une meilleure compr\u00e9hension des styles de communication.<\/li>\n<li>Outils pratiques pour g\u00e9rer les relations difficiles, r\u00e9soudre les conflits, et transmettre efficacement des messages cl\u00e9s.<\/li>\n<li>D\u00e9veloppement de la confiance en soi dans les situations de communication publique ou interpersonnelle.<\/li>\n<li>Techniques avanc\u00e9es d\u2019\u00e9coute active et de gestion des jeux de pouvoir dans la communication.<\/li>\n<\/ul>\n<h5>Inclus<\/h5>\n<div>\n<ul>\n<li>Un environnement convivial et confidentiel pour partager vos exp\u00e9riences et apprendre des meilleures pratiques<\/li>\n<li>Mat\u00e9riels fournis : Cahiers de formations et d\u2019exercices; quizz; tests; axe de d\u00e9veloppement<\/li>\n<\/ul>\n<h5><strong>BONUS<\/strong><\/h5>\n<ul>\n<li>Une s\u00e9ance de coaching individuelle apr\u00e9s la formation d&#8217;une valeur de <em><strong>225 $<\/strong><\/em><\/li>\n<\/ul>\n<\/div>\n<p data-start=\"1722\" data-end=\"1873\">\ud83d\udc49 <strong data-start=\"1725\" data-end=\"1787\">R\u00e9servez votre place d\u00e8s maintenant :\u00a0<\/strong><br data-start=\"1787\" data-end=\"1790\" \/><em data-start=\"1790\" data-end=\"1873\">(Les places sont limit\u00e9es pour maintenir un format collaboratif et personnalis\u00e9.)<\/em><\/p>\n<p data-start=\"1722\" data-end=\"1873\"><img decoding=\"async\" class=\"an1\" draggable=\"false\" src=\"https:\/\/fonts.gstatic.com\/s\/e\/notoemoji\/16.0\/1f4cd\/32.png\" alt=\"\ud83d\udccd\" data-emoji=\"\ud83d\udccd\" aria-label=\"\ud83d\udccd\" \/>\u00a0<b>Lieu<\/b>\u00a0: Mercer, 1 Place Ville Marie, suite 1500, Montr\u00e9al<br \/>\n<img decoding=\"async\" class=\"an1\" draggable=\"false\" src=\"https:\/\/fonts.gstatic.com\/s\/e\/notoemoji\/16.0\/1f5d3_fe0f\/32.png\" alt=\"\ud83d\uddd3\ufe0f\" data-emoji=\"\ud83d\uddd3\ufe0f\" aria-label=\"\ud83d\uddd3\ufe0f\" \/>\u00a0<b>Date<\/b> : Vendredi 22 mai 2026 \u2013 de 9 h \u00e0 17 h<\/p>\n<p data-start=\"1722\" data-end=\"1873\">\ud83e\udd57 <strong data-start=\"1405\" data-end=\"1443\">Collations et lunch du midi inclus<\/strong><br data-start=\"1443\" data-end=\"1446\" \/>(si tu as des <strong data-start=\"1460\" data-end=\"1489\">restrictions alimentaires<\/strong>, fais-le-moi savoir avant le 14 avril)<\/p>\n<h6><\/h6>\n","protected":false},"excerpt":{"rendered":"<p>Comment faire passer un message de mani\u00e8re claire et efficace ? Cette formation en communication vous apprendra \u00e0 ma\u00eetriser cet art fondamental. La communication efficace est essentielle dans tous les aspects de la vie, qu\u2019il s\u2019agisse de n\u00e9gocier, de r\u00e9soudre des conflits, de parler en public avec confiance ou de transmettre un message strat\u00e9gique. \u00c0&#8230;<\/p>\n","protected":false},"featured_media":5735,"template":"","meta":{"_acf_changed":false},"product_brand":[],"product_cat":[475,473,479],"product_tag":[],"class_list":{"0":"post-7259","1":"product","2":"type-product","3":"status-publish","4":"has-post-thumbnail","6":"product_cat-communication","7":"product_cat-delegation","8":"product_cat-gestion-du-temps","10":"first","11":"instock","12":"sale","13":"featured","14":"taxable","15":"shipping-taxable","16":"purchasable","17":"product-type-simple"},"acf":[],"aioseo_notices":[],"_links":{"self":[{"href":"https:\/\/staging.leaderenaction.ca\/en\/wp-json\/wp\/v2\/product\/7259","targetHints":{"allow":["GET"]}}],"collection":[{"href":"https:\/\/staging.leaderenaction.ca\/en\/wp-json\/wp\/v2\/product"}],"about":[{"href":"https:\/\/staging.leaderenaction.ca\/en\/wp-json\/wp\/v2\/types\/product"}],"wp:featuredmedia":[{"embeddable":true,"href":"https:\/\/staging.leaderenaction.ca\/en\/wp-json\/wp\/v2\/media\/5735"}],"wp:attachment":[{"href":"https:\/\/staging.leaderenaction.ca\/en\/wp-json\/wp\/v2\/media?parent=7259"}],"wp:term":[{"taxonomy":"product_brand","embeddable":true,"href":"https:\/\/staging.leaderenaction.ca\/en\/wp-json\/wp\/v2\/product_brand?post=7259"},{"taxonomy":"product_cat","embeddable":true,"href":"https:\/\/staging.leaderenaction.ca\/en\/wp-json\/wp\/v2\/product_cat?post=7259"},{"taxonomy":"product_tag","embeddable":true,"href":"https:\/\/staging.leaderenaction.ca\/en\/wp-json\/wp\/v2\/product_tag?post=7259"}],"curies":[{"name":"wp","href":"https:\/\/api.w.org\/{rel}","templated":true}]}}