{"id":7253,"date":"2024-10-14T23:22:36","date_gmt":"2024-10-14T23:22:36","guid":{"rendered":"https:\/\/leaderenaction.ca\/?post_type=product&#038;p=7253"},"modified":"2025-11-27T02:27:35","modified_gmt":"2025-11-27T02:27:35","slug":"multiplier-votre-efficacite-par-la-delegation","status":"publish","type":"product","link":"https:\/\/staging.leaderenaction.ca\/en\/produit\/multiplier-votre-efficacite-par-la-delegation\/","title":{"rendered":"Multiplier votre efficacit\u00e9 par la d\u00e9l\u00e9gation"},"content":{"rendered":"<h5><strong>Description g\u00e9n\u00e9rale\u00a0<\/strong><\/h5>\n<p>Cette formation est con\u00e7ue pour vous aider \u00e0 d\u00e9velopper des r\u00e9flexes favorisant l\u2019autonomie de vos employ\u00e9s, tout en optimisant votre temps de travail en tant que leader. Pourquoi tant de gestionnaires h\u00e9sitent-ils \u00e0 d\u00e9l\u00e9guer des t\u00e2ches \u00e0 leurs subalternes ? Cette formation vous enseignera comment d\u00e9l\u00e9guer efficacement, sur une base quotidienne, pour obtenir de meilleurs r\u00e9sultats et gagner en productivit\u00e9. Vous apprendrez \u00e0 d\u00e9passer la pens\u00e9e limitante \u00ab\u00a0je vais plus vite en le faisant moi-m\u00eame\u00a0\u00bb en vous appuyant sur votre \u00e9quipe et en renfor\u00e7ant leur autonomie.<\/p>\n<h5><strong>Objectifs de la formation\u00a0<\/strong><\/h5>\n<ul>\n<li>Identifier et \u00e9valuer votre style de d\u00e9l\u00e9gation.<\/li>\n<li>Apprendre \u00e0 d\u00e9l\u00e9guer de mani\u00e8re rigoureuse et efficace, en toute confiance.<\/li>\n<li>Cr\u00e9er les conditions favorables \u00e0 la responsabilisation de vos collaborateurs.<\/li>\n<li>Motiver, encadrer et d\u00e9velopper les comp\u00e9tences de vos collaborateurs gr\u00e2ce \u00e0 une d\u00e9l\u00e9gation efficace.<\/li>\n<li>Vous concentrer sur les t\u00e2ches \u00e0 haute valeur ajout\u00e9e qui maximisent votre impact en tant que leader.<\/li>\n<\/ul>\n<h5><strong>Th\u00e8mes abord\u00e9s\u00a0<\/strong><\/h5>\n<ul>\n<li>\u00c9valuer son style de d\u00e9l\u00e9gation.<\/li>\n<li>D\u00e9l\u00e9guer des mandats adapt\u00e9s aux comp\u00e9tences des collaborateurs.<\/li>\n<li>Cr\u00e9er les conditions favorables \u00e0 la responsabilisation des collaborateurs.<\/li>\n<li>Motiver et encadrer ses collaborateurs pour favoriser leur autonomie.<\/li>\n<li>D\u00e9l\u00e9guer pour d\u00e9velopper les comp\u00e9tences de l\u2019\u00e9quipe.<\/li>\n<li>Assurer le suivi et \u00e9valuer l\u2019efficacit\u00e9 de la d\u00e9l\u00e9gation.<\/li>\n<li>Multiplier ses r\u00e9sultats en se concentrant sur les t\u00e2ches strat\u00e9giques.<\/li>\n<li>Exercices pratiques pour ma\u00eetriser les techniques de d\u00e9l\u00e9gation.<\/li>\n<\/ul>\n<h5><strong>Public cible\u00a0<\/strong><\/h5>\n<p>Gestionnaires, leaders, chefs d\u2019\u00e9quipe et entrepreneurs souhaitant am\u00e9liorer leur efficacit\u00e9 et productivit\u00e9 gr\u00e2ce \u00e0 une d\u00e9l\u00e9gation optimale.<\/p>\n<h5><strong>B\u00e9n\u00e9fices pour les participants\u00a0<\/strong><\/h5>\n<ul>\n<li>Optimisation du temps de travail en apprenant \u00e0 d\u00e9l\u00e9guer efficacement.<\/li>\n<li>Renforcement de la confiance envers les collaborateurs et am\u00e9lioration de leur autonomie.<\/li>\n<li>Techniques pour responsabiliser les \u00e9quipes et les motiver \u00e0 atteindre de meilleurs r\u00e9sultats.<\/li>\n<li>Capacit\u00e9s \u00e0 d\u00e9l\u00e9guer des t\u00e2ches qui correspondent aux comp\u00e9tences de l\u2019\u00e9quipe, tout en maximisant les r\u00e9sultats globaux.<\/li>\n<li>Augmentation de l\u2019efficacit\u00e9 personnelle en se concentrant sur les t\u00e2ches \u00e0 haute valeur ajout\u00e9e.<\/li>\n<\/ul>\n<p><strong>Dur\u00e9e : 9h \u00e0 12h30\u00a0<\/strong><\/p>\n<p><strong>Format : <\/strong>Virtuel<\/p>\n<p><strong>Maximum:<\/strong>\u00a012 personnes, afin de faciliter la gestion des activit\u00e9s et de favoriser les \u00e9changes.<\/p>\n<p><strong>Public cible: <\/strong>Destin\u00e9e aux gestionnaires, chefs d\u2019entreprise, directeurs d\u2019associations, DRH, chefs d\u2019\u00e9quipe, et leaders en devenir<\/p>\n<p><strong>Supports <\/strong>: Cahiers de formations et d\u2019exercices; quizz; tests; axe de d\u00e9veloppement<\/p>\n","protected":false},"excerpt":{"rendered":"<p>Description g\u00e9n\u00e9rale\u00a0 Cette formation est con\u00e7ue pour vous aider \u00e0 d\u00e9velopper des r\u00e9flexes favorisant l\u2019autonomie de vos employ\u00e9s, tout en optimisant votre temps de travail en tant que leader. Pourquoi tant de gestionnaires h\u00e9sitent-ils \u00e0 d\u00e9l\u00e9guer des t\u00e2ches \u00e0 leurs subalternes ? Cette formation vous enseignera comment d\u00e9l\u00e9guer efficacement, sur une base quotidienne, pour obtenir&#8230;<\/p>\n","protected":false},"featured_media":9296,"template":"","meta":{"_acf_changed":false},"product_brand":[],"product_cat":[474],"product_tag":[],"class_list":{"0":"post-7253","1":"product","2":"type-product","3":"status-publish","4":"has-post-thumbnail","6":"product_cat-delegation-en","8":"first","9":"instock","10":"sale","11":"taxable","12":"shipping-taxable","13":"purchasable","14":"product-type-simple"},"acf":[],"aioseo_notices":[],"_links":{"self":[{"href":"https:\/\/staging.leaderenaction.ca\/en\/wp-json\/wp\/v2\/product\/7253","targetHints":{"allow":["GET"]}}],"collection":[{"href":"https:\/\/staging.leaderenaction.ca\/en\/wp-json\/wp\/v2\/product"}],"about":[{"href":"https:\/\/staging.leaderenaction.ca\/en\/wp-json\/wp\/v2\/types\/product"}],"wp:featuredmedia":[{"embeddable":true,"href":"https:\/\/staging.leaderenaction.ca\/en\/wp-json\/wp\/v2\/media\/9296"}],"wp:attachment":[{"href":"https:\/\/staging.leaderenaction.ca\/en\/wp-json\/wp\/v2\/media?parent=7253"}],"wp:term":[{"taxonomy":"product_brand","embeddable":true,"href":"https:\/\/staging.leaderenaction.ca\/en\/wp-json\/wp\/v2\/product_brand?post=7253"},{"taxonomy":"product_cat","embeddable":true,"href":"https:\/\/staging.leaderenaction.ca\/en\/wp-json\/wp\/v2\/product_cat?post=7253"},{"taxonomy":"product_tag","embeddable":true,"href":"https:\/\/staging.leaderenaction.ca\/en\/wp-json\/wp\/v2\/product_tag?post=7253"}],"curies":[{"name":"wp","href":"https:\/\/api.w.org\/{rel}","templated":true}]}}