{"id":7243,"date":"2025-10-10T17:05:47","date_gmt":"2025-10-10T17:05:47","guid":{"rendered":"https:\/\/leaderenaction.ca\/?post_type=product&#038;p=7243"},"modified":"2026-02-13T00:18:22","modified_gmt":"2026-02-13T00:18:22","slug":"cap-performance-1-journee-pour-structurer-agir-et-performer","status":"publish","type":"product","link":"https:\/\/staging.leaderenaction.ca\/en\/produit\/cap-performance-1-journee-pour-structurer-agir-et-performer\/","title":{"rendered":"CAP Performance-Clart\u00e9, priorit\u00e9s et impact sur 90 jours"},"content":{"rendered":"<h5><strong>Description\u00a0<\/strong><\/h5>\n<p data-start=\"470\" data-end=\"727\"><strong data-start=\"470\" data-end=\"489\">Cap Performance<\/strong> est une journ\u00e9e intensive et pragmatique d\u00e9di\u00e9e aux <strong data-start=\"542\" data-end=\"588\">entrepreneurs, dirigeants et gestionnaires<\/strong> qui souhaitent reprendre le contr\u00f4le de leur temps, clarifier leurs priorit\u00e9s et propulser leur performance pour les<strong> 90 prochains jours.<\/strong><\/p>\n<p data-start=\"729\" data-end=\"1036\">Pas de th\u00e9orie inutile : on travaille <strong data-start=\"767\" data-end=\"829\">sur votre entreprise, pas seulement dans votre entreprise.<\/strong><br data-start=\"829\" data-end=\"832\" \/>\u00c0 travers des exercices guid\u00e9s, des \u00e9changes strat\u00e9giques et un accompagnement structur\u00e9, vous repartirez avec un <strong data-start=\"946\" data-end=\"992\">plan d\u2019action clair, mesurable et motivant<\/strong>, pr\u00eat \u00e0 \u00eatre appliqu\u00e9 d\u00e8s le lundi matin.<\/p>\n<p data-start=\"1038\" data-end=\"1150\">Une journ\u00e9e pour sortir du brouillard, <strong data-start=\"1077\" data-end=\"1150\">retrouver votre cap et passer \u00e0 l\u2019ex\u00e9cution avec confiance et clart\u00e9.<\/strong><\/p>\n<p style=\"font-weight: 400;\"><strong>\u00a0Au programme :<\/strong><\/p>\n<ul style=\"font-weight: 400;\">\n<li>Un\u00a0<strong>plan 90 jours<\/strong>\u00a0pr\u00e9cis et motivant pour garder le cap jusqu\u2019\u00e0 2026.<\/li>\n<li>Des\u00a0<strong>strat\u00e9gies concr\u00e8tes<\/strong>\u00a0pour augmenter ton efficacit\u00e9 et ta rentabilit\u00e9.<\/li>\n<li>Une\u00a0<strong>m\u00e9thode simple<\/strong>\u00a0pour prot\u00e9ger ton temps et tes priorit\u00e9s.<\/li>\n<li>Et surtout,\u00a0<strong>l\u2019\u00e9nergie d\u2019un groupe d\u2019entrepreneurs et de gestionnaires<\/strong>\u00a0qui vivent les m\u00eames d\u00e9fis que toi.<\/li>\n<\/ul>\n<h5><strong>Plan de journ\u00e9e<\/strong><\/h5>\n<p>\ud83d\udd58 9h00 \u2013 Accueil &amp; r\u00e9seautage<br data-start=\"2521\" data-end=\"2524\" \/>\ud83d\udd59 9h30 \u2013 Diagnostic de performance &amp; clarification des priorit\u00e9s<br data-start=\"2589\" data-end=\"2592\" \/>\ud83d\udd5b 12h00 \u2013 D\u00eener &amp; \u00e9changes<br data-start=\"2619\" data-end=\"2622\" \/>\ud83d\udd50 13h30 \u2013 Construction du plan d\u2019action 90 jours<br data-start=\"2671\" data-end=\"2674\" \/>\ud83d\udd53 16h00 \u2013 Partage et engagement collectif<br data-start=\"2716\" data-end=\"2719\" \/>\ud83d\udd54 17h00 \u2013 Cl\u00f4ture et r\u00e9seautage libre<\/p>\n<h5 data-start=\"684\" data-end=\"713\">\ud83c\udfaf Ce que vous obtiendrez<\/h5>\n<p data-start=\"714\" data-end=\"1005\">\u2705 <strong data-start=\"716\" data-end=\"743\">Un plan d\u2019action pr\u00e9cis<\/strong>, simple \u00e0 suivre et orient\u00e9 r\u00e9sultats.<br data-start=\"782\" data-end=\"785\" \/>\u2705 Des <strong data-start=\"791\" data-end=\"815\">strat\u00e9gies concr\u00e8tes<\/strong> pour am\u00e9liorer votre rentabilit\u00e9.<br data-start=\"849\" data-end=\"852\" \/>\u2705 Une <strong data-start=\"858\" data-end=\"878\">m\u00e9thode efficace<\/strong> pour prot\u00e9ger votre temps et vos priorit\u00e9s.<br data-start=\"922\" data-end=\"925\" \/>\u2705 L\u2019<strong data-start=\"929\" data-end=\"952\">\u00e9nergie d\u2019un r\u00e9seau<\/strong> d\u2019entrepreneurs ambitieux qui partagent vos d\u00e9fis.<\/p>\n<h5><strong>B\u00e9n\u00e9fices pour les participants\u00a0<\/strong><\/h5>\n<ul>\n<li>\ud83c\udfaf <strong data-start=\"1833\" data-end=\"1843\">Clart\u00e9<\/strong> : vous saurez exactement o\u00f9 concentrer vos efforts pour maximiser vos r\u00e9sultats.<br data-start=\"1924\" data-end=\"1927\" \/>\ud83e\udded <strong data-start=\"1930\" data-end=\"1943\">Structure<\/strong> : vous repartirez avec un plan d\u2019action d\u00e9taill\u00e9 et une feuille de route 90 jours.<br data-start=\"2026\" data-end=\"2029\" \/>\u2699\ufe0f <strong data-start=\"2032\" data-end=\"2046\">Efficacit\u00e9<\/strong> : vous apprendrez \u00e0 mieux prot\u00e9ger votre temps et \u00e0 ex\u00e9cuter sans dispersion.<br data-start=\"2124\" data-end=\"2127\" \/>\ud83d\udcac <strong data-start=\"2130\" data-end=\"2149\">\u00c9changes riches<\/strong> : vous profiterez de la force du collectif, de l\u2019intelligence du groupe et de l\u2019\u00e9nergie des pairs.<br data-start=\"2248\" data-end=\"2251\" \/>\ud83d\udd25 <strong data-start=\"2254\" data-end=\"2268\">Motivation<\/strong> : vous ressortirez recharg\u00e9, recentr\u00e9 et pr\u00eat \u00e0 performer sans vous \u00e9puiser.<\/li>\n<\/ul>\n<hr data-start=\"1717\" data-end=\"1720\" \/>\n<p data-start=\"1722\" data-end=\"1873\">\ud83d\udc49 <strong data-start=\"1725\" data-end=\"1787\">R\u00e9servez votre place d\u00e8s maintenant :\u00a0<\/strong><br data-start=\"1787\" data-end=\"1790\" \/><em data-start=\"1790\" data-end=\"1873\">(Les places sont limit\u00e9es pour maintenir un format collaboratif et personnalis\u00e9.)<\/em><\/p>\n<p data-start=\"1722\" data-end=\"1873\"><img decoding=\"async\" class=\"an1\" draggable=\"false\" src=\"https:\/\/fonts.gstatic.com\/s\/e\/notoemoji\/16.0\/1f4cd\/32.png\" alt=\"\ud83d\udccd\" data-emoji=\"\ud83d\udccd\" aria-label=\"\ud83d\udccd\" \/>\u00a0<b>Lieu<\/b>\u00a0: Mercer, 1 Place Ville Marie, suite 1500, Montr\u00e9al<br \/>\n<img decoding=\"async\" class=\"an1\" draggable=\"false\" src=\"https:\/\/fonts.gstatic.com\/s\/e\/notoemoji\/16.0\/1f5d3_fe0f\/32.png\" alt=\"\ud83d\uddd3\ufe0f\" data-emoji=\"\ud83d\uddd3\ufe0f\" aria-label=\"\ud83d\uddd3\ufe0f\" \/>\u00a0<b>Date<\/b> : Vendredi 6 mars 2026 \u2013 de 9 h \u00e0 17 h<\/p>\n<p data-start=\"1722\" data-end=\"1873\">\ud83e\udd57 <strong data-start=\"1405\" data-end=\"1443\">Collations et lunch du midi inclus<\/strong><br data-start=\"1443\" data-end=\"1446\" \/>(si tu as des <strong data-start=\"1460\" data-end=\"1489\">restrictions alimentaires<\/strong>, fais-le-moi savoir avant le 1er Fevrier)<\/p>\n<hr data-start=\"1875\" data-end=\"1878\" \/>\n<p data-start=\"1880\" data-end=\"2157\">Cette journ\u00e9e n\u2019est pas une formation th\u00e9orique.<br data-start=\"1928\" data-end=\"1931\" \/>C\u2019est un <strong data-start=\"1940\" data-end=\"1960\">atelier d\u2019action<\/strong>, con\u00e7u pour vous faire travailler <strong data-start=\"1995\" data-end=\"2046\">sur votre entreprise, pas dans votre entreprise<\/strong>.<br data-start=\"2047\" data-end=\"2050\" \/>D\u00e8s le lundi suivant, vous saurez exactement <strong data-start=\"2095\" data-end=\"2157\">quoi faire, quand le faire et comment mesurer vos progr\u00e8s.<\/strong><\/p>\n<p data-start=\"1206\" data-end=\"1530\">\n","protected":false},"excerpt":{"rendered":"<p>Description\u00a0 Cap Performance est une journ\u00e9e intensive et pragmatique d\u00e9di\u00e9e aux entrepreneurs, dirigeants et gestionnaires qui souhaitent reprendre le contr\u00f4le de leur temps, clarifier leurs priorit\u00e9s et propulser leur performance pour les 90 prochains jours. Pas de th\u00e9orie inutile : on travaille sur votre entreprise, pas seulement dans votre entreprise.\u00c0 travers des exercices guid\u00e9s, des&#8230;<\/p>\n","protected":false},"featured_media":8743,"template":"","meta":{"_acf_changed":false},"product_brand":[],"product_cat":[475,473,479,478,476],"product_tag":[],"class_list":{"0":"post-7243","1":"product","2":"type-product","3":"status-publish","4":"has-post-thumbnail","6":"product_cat-communication","7":"product_cat-delegation","8":"product_cat-gestion-du-temps","9":"product_cat-intelligeance-emotionnelle","10":"product_cat-objectif","12":"first","13":"instock","14":"taxable","15":"shipping-taxable","16":"purchasable","17":"product-type-simple"},"acf":[],"aioseo_notices":[],"_links":{"self":[{"href":"https:\/\/staging.leaderenaction.ca\/en\/wp-json\/wp\/v2\/product\/7243","targetHints":{"allow":["GET"]}}],"collection":[{"href":"https:\/\/staging.leaderenaction.ca\/en\/wp-json\/wp\/v2\/product"}],"about":[{"href":"https:\/\/staging.leaderenaction.ca\/en\/wp-json\/wp\/v2\/types\/product"}],"wp:featuredmedia":[{"embeddable":true,"href":"https:\/\/staging.leaderenaction.ca\/en\/wp-json\/wp\/v2\/media\/8743"}],"wp:attachment":[{"href":"https:\/\/staging.leaderenaction.ca\/en\/wp-json\/wp\/v2\/media?parent=7243"}],"wp:term":[{"taxonomy":"product_brand","embeddable":true,"href":"https:\/\/staging.leaderenaction.ca\/en\/wp-json\/wp\/v2\/product_brand?post=7243"},{"taxonomy":"product_cat","embeddable":true,"href":"https:\/\/staging.leaderenaction.ca\/en\/wp-json\/wp\/v2\/product_cat?post=7243"},{"taxonomy":"product_tag","embeddable":true,"href":"https:\/\/staging.leaderenaction.ca\/en\/wp-json\/wp\/v2\/product_tag?post=7243"}],"curies":[{"name":"wp","href":"https:\/\/api.w.org\/{rel}","templated":true}]}}