{"id":5679,"date":"2024-08-29T16:54:13","date_gmt":"2024-08-29T16:54:13","guid":{"rendered":"https:\/\/leaderenaction.ca\/?page_id=5679"},"modified":"2024-09-26T10:07:29","modified_gmt":"2024-09-26T10:07:29","slug":"personal-branding-for-women","status":"publish","type":"page","link":"https:\/\/staging.leaderenaction.ca\/en\/personal-branding-for-women\/","title":{"rendered":"Personal Branding for Women"},"content":{"rendered":"<p><section data-bb-version=\"5.0.1\" id=\"bt_bb_section69d7b6f4a2181\" class=\"bt_bb_section bt_bb_layout_boxed_1200\"  data-bt-override-class=\"null\"><div class=\"bt_bb_port\"><div class=\"bt_bb_cell\"><div class=\"bt_bb_cell_inner\"><div class=\"bt_bb_row \"  data-bt-override-class=\"{}\"><div class=\"bt_bb_row_holder\" ><div data-bb-version=\"5.0.1\"  class=\"bt_bb_column col-xxl-12 col-xl-12 col-xs-12 col-sm-12 col-md-12 col-lg-12 bt_bb_vertical_align_top bt_bb_align_left bt_bb_padding_normal\" style=\"; --column-width:12;\" data-width=\"12\" data-bt-override-class=\"{}\"><div class=\"bt_bb_column_content\"><div class=\"bt_bb_column_content_inner\"><div data-bb-version=\"5.0.1\" class=\"bt_bb_separator bt_bb_border_style_none bt_bb_top_spacing_normal bt_bb_bottom_spacing_none\" data-bt-override-class=\"{&quot;bt_bb_top_spacing_&quot;:{&quot;current_class&quot;:&quot;bt_bb_top_spacing_normal&quot;,&quot;def&quot;:&quot;normal&quot;},&quot;bt_bb_bottom_spacing_&quot;:{&quot;current_class&quot;:&quot;bt_bb_bottom_spacing_none&quot;,&quot;def&quot;:&quot;none&quot;}}\"><\/div><div data-bb-version=\"5.0.1\"  class=\"bt_bb_text\" ><\/p>\n<h4><strong>Boost Your Professional Development by Increasing Your Personal Potential!<\/strong><\/h4>\n<p>Each month, a training day dedicated exclusively to the personal and professional development of women. These sessions are led by Laurence Attias, a personal development trainer and certified HEC Executive Coach. You can choose to attend all the training modules or only those that interest you the most. Each of these days is designed to help you boost your career.<\/p>\n<h4>Description<\/h4>\n<h5><strong>Learning Objectives and Skills Acquired<\/strong><\/h5>\n<ul>\n<li><strong>Positively Value Your Professional Achievements<\/strong>: Effectively present your professional successes to your superiors.<\/li>\n<li><strong>Achieve Work-Life Balance<\/strong>: Manage your priorities to balance your professional and personal life.<\/li>\n<li><strong>Accept Change with Serenity<\/strong>: Adapt to change smoothly.<\/li>\n<li><strong>Demonstrate Leadership<\/strong>: Exhibit leadership in managerial (hierarchical or transversal) situations.<\/li>\n<li><strong>Adapt Your Communication Style<\/strong>: Tailor your communication style to that of your interlocutor.<\/li>\n<li><strong>Master Negotiation Tools and Methods<\/strong>: Understand and apply successful negotiation techniques.<\/li>\n<li><strong>Create and Seize Opportunities<\/strong>: Learn to create and seize opportunities with impactful pitches.<\/li>\n<\/ul>\n<h4><strong>Training Program<\/strong><\/h4>\n<h5><strong>Enhance Your Image and Network in the Professional Environment<\/strong> (Module 1)<\/h5>\n<ul>\n<li style=\"list-style-type: none;\">\n<ul>\n<li>Acquire practical tools and a new positioning strategy within the company.<\/li>\n<li>Reclaim personal power while aligning with your values.<\/li>\n<li>Increase your influence, visibility, and impact.<\/li>\n<li>Work on your professional image.<\/li>\n<li>Build self-esteem.<\/li>\n<\/ul>\n<\/li>\n<\/ul>\n<h5><strong>Improve the Quality of Your Time<\/strong> (Module 2)<\/h5>\n<ul>\n<li style=\"list-style-type: none;\">\n<ul>\n<li style=\"list-style-type: none;\">\n<ul>\n<li>Identify and understand your relationship with time to make it a professional asset.<\/li>\n<li>Achieve a proper work-life balance.<\/li>\n<li>Recognize the impossibility of increasing time quantity and focus on improving its quality.<\/li>\n<li>Discover new organizational systems and a new relationship with time.<\/li>\n<\/ul>\n<\/li>\n<\/ul>\n<\/li>\n<\/ul>\n<h5><strong>Develop Your Confidence in the Professional Environment<\/strong> (Module 3)<\/h5>\n<ul>\n<li style=\"list-style-type: none;\">\n<ul>\n<li>Build confidence, ensure your voice is heard, and be listened to.<\/li>\n<li>Embrace change.<\/li>\n<li>Enhance your talents and skills: identify your role in the company and develop your individual contribution.<\/li>\n<\/ul>\n<\/li>\n<\/ul>\n<h5><strong>Communication and Management: Improve Your Interpersonal Relationships<\/strong> (Module 4)<\/h5>\n<ul>\n<li style=\"list-style-type: none;\">\n<ul>\n<li>Understand yourself better to communicate and adapt to different personality styles.<\/li>\n<li>Discover your profile and management style.<\/li>\n<li>Develop a balanced and open facilitation style.<\/li>\n<li>Improve transversal management.<\/li>\n<\/ul>\n<\/li>\n<\/ul>\n<h5><strong>Unleash Your Negotiation Talent<\/strong> (Module 5)<\/h5>\n<ul>\n<li style=\"list-style-type: none;\">\n<ul>\n<li>Build self-confidence to ask for what you need.<\/li>\n<li>Prepare for negotiations (raises, promotions, new positions, projects).<\/li>\n<li>Adopt the behaviors and attitudes of a successful negotiator.<\/li>\n<li>Understand and anticipate reactions to succeed in negotiations.<\/li>\n<\/ul>\n<\/li>\n<\/ul>\n<h5><strong>Practical Exercises: What if Luck Became One of Your Skills?<\/strong> (Module 6)<\/h5>\n<ul>\n<li style=\"list-style-type: none;\">\n<ul>\n<li>Learn to adopt a positive attitude.<\/li>\n<li>Know how to create and seize your luck.<\/li>\n<li>Understand the circles of proactivity.<\/li>\n<li>Change your habits.<\/li>\n<\/ul>\n<\/li>\n<\/ul>\n<p>\n<\/div><\/div><\/div><\/div><\/div><\/div><\/div><!-- cell_inner --><\/div><!-- cell --><\/div><!-- port --><\/section><section id=\"bt_bb_section69d7b6f4a23d8\" class=\"bt_bb_section bt_bb_layout_boxed_1200 bt_bb_vertical_align_top bt_bb_top_spacing_medium bt_bb_bottom_spacing_medium\" style=\"margin-top: -2.5em;\" data-bt-override-class=\"null\"><div class=\"bt_bb_port\"><div class=\"bt_bb_cell\"><div class=\"bt_bb_cell_inner\"><div data-bb-version=\"5.1.2\" class=\"bt_bb_row \"  data-bt-override-class=\"{}\"><div class=\"bt_bb_row_holder\" ><div data-bb-version=\"5.1.2\"  class=\"bt_bb_column col-xxl-12 col-xl-12 col-xs-12 col-sm-12 col-md-12 col-lg-12 bt_bb_vertical_align_top bt_bb_align_left bt_bb_padding_normal\" style=\"; --column-width:12;\" data-width=\"12\" data-bt-override-class=\"{}\"><div class=\"bt_bb_column_content\"><div class=\"bt_bb_column_content_inner\"><header data-bb-version=\"5.1.2\" class=\"bt_bb_headline bt_bb_dash_none bt_bb_size_inherit bt_bb_align_inherit\" data-bt-override-class=\"{&quot;bt_bb_size_&quot;:{&quot;current_class&quot;:&quot;bt_bb_size_inherit&quot;,&quot;def&quot;:&quot;inherit&quot;},&quot;bt_bb_align_&quot;:{&quot;current_class&quot;:&quot;bt_bb_align_inherit&quot;,&quot;def&quot;:&quot;inherit&quot;}}\"><h3 class=\"bt_bb_headline_tag\"><span class=\"bt_bb_headline_content\"><span>Our other services<\/span><\/span><\/h3><\/header><div data-bb-version=\"5.1.2\" class=\"bt_bb_separator bt_bb_border_style_none bt_bb_top_spacing_normal bt_bb_bottom_spacing_none\" data-bt-override-class=\"{&quot;bt_bb_top_spacing_&quot;:{&quot;current_class&quot;:&quot;bt_bb_top_spacing_normal&quot;,&quot;def&quot;:&quot;normal&quot;},&quot;bt_bb_bottom_spacing_&quot;:{&quot;current_class&quot;:&quot;bt_bb_bottom_spacing_none&quot;,&quot;def&quot;:&quot;none&quot;}}\"><\/div><\/div><\/div><\/div><\/div><\/div><div class=\"bt_bb_row  bt_bb_column_gap_10\" style=\"; --column-gap:10px;\" data-bt-override-class=\"{}\"><div class=\"bt_bb_row_holder\" ><div data-bb-version=\"5.1.2\"  class=\"bt_bb_column col-xxl-3 col-xl-3 program-box bt_bb_vertical_align_top bt_bb_align_left bt_bb_padding_text_indent bt_bb_animation_fade_in move_up animate bt_bb_highlight\" style=\"; --column-width:3;--inner-background-position:inherit;--inner-background-size:cover;\" data-width=\"3\" data-bt-override-class=\"{&quot;bt_bb_align_&quot;:{&quot;current_class&quot;:&quot;bt_bb_align_left&quot;,&quot;def&quot;:&quot;left&quot;},&quot;bt_bb_padding_&quot;:{&quot;current_class&quot;:&quot;bt_bb_padding_text_indent&quot;,&quot;def&quot;:&quot;text_indent&quot;}}\"><div class=\"bt_bb_column_content\" style=\"--inner-background-inner-position:inherit;--inner-background-inner-size:cover;\"><div class=\"bt_bb_column_content_inner\"><div data-bb-version=\"5.1.2\" class=\"bt_bb_image bt_bb_shape_square bt_bb_target_self bt_bb_align_inherit bt_bb_hover_style_simple bt_bb_content_display_always bt_bb_content_align_middle bt_bb_fill_background_color_full\" data-bt-override-class=\"{&quot;bt_bb_align_&quot;:{&quot;current_class&quot;:&quot;bt_bb_align_inherit&quot;,&quot;def&quot;:&quot;inherit&quot;},&quot;bt_bb_content_display_&quot;:{&quot;current_class&quot;:&quot;bt_bb_content_display_always&quot;,&quot;def&quot;:&quot;always&quot;}}\"><span><img loading=\"lazy\" decoding=\"async\" width=\"922\" height=\"616\" src=\"https:\/\/staging.leaderenaction.ca\/wp-content\/uploads\/2024\/09\/Capture.jpg\" class=\"attachment-full size-full\" alt=\"https:\/\/staging.leaderenaction.ca\/wp-content\/uploads\/2024\/09\/Capture.jpg\" data-full_image_src=\"https:\/\/staging.leaderenaction.ca\/wp-content\/uploads\/2024\/09\/Capture.jpg\" title=\"Capture\" srcset=\"https:\/\/staging.leaderenaction.ca\/wp-content\/uploads\/2024\/09\/Capture.jpg 922w, https:\/\/staging.leaderenaction.ca\/wp-content\/uploads\/2024\/09\/Capture-600x401.jpg 600w, https:\/\/staging.leaderenaction.ca\/wp-content\/uploads\/2024\/09\/Capture-640x428.jpg 640w, https:\/\/staging.leaderenaction.ca\/wp-content\/uploads\/2024\/09\/Capture-768x513.jpg 768w, https:\/\/staging.leaderenaction.ca\/wp-content\/uploads\/2024\/09\/Capture-320x214.jpg 320w\" sizes=\"auto, (max-width: 922px) 100vw, 922px\" \/><\/span><\/div><header data-bb-version=\"5.0.1\" class=\"bt_bb_headline bt_bb_dash_top bt_bb_subheadline bt_bb_size_normal bt_bb_align_inherit\" data-bt-override-class=\"{&quot;bt_bb_size_&quot;:{&quot;current_class&quot;:&quot;bt_bb_size_normal&quot;,&quot;def&quot;:&quot;normal&quot;},&quot;bt_bb_align_&quot;:{&quot;current_class&quot;:&quot;bt_bb_align_inherit&quot;,&quot;def&quot;:&quot;inherit&quot;}}\"><h2 class=\"bt_bb_headline_tag\"><span class=\"bt_bb_headline_content\"><span><br \/><br \/>\n<u>Gagnez en productivit\u00e9 : ma\u00eetrisez vos priorit\u00e9s et votre temps !<\/u><\/span><\/span><\/h2><div class=\"bt_bb_headline_subheadline\">Lib\u00e9rez jusqu'\u00e0 10 heures par semaine pour vous concentrer sur l'essentiel : la strat\u00e9gie et la croissance.<\/div><\/header><div class=\"bt_bb_separator bt_bb_border_style_none bt_bb_bottom_spacing_small\" data-bt-override-class=\"null\"><\/div><div data-bb-version=\"5.0.1\" class=\"bt_bb_button bt_bb_color_scheme_6 bt_bb_icon_position_left bt_bb_style_filled bt_bb_size_small bt_bb_width_inline bt_bb_shape_inherit bt_bb_target_self bt_bb_text_transform_inherit bt_bb_align_inherit\" style=\"; --primary-color:#ffffff; --secondary-color:#ef3f3e;\" data-bt-override-class=\"{&quot;bt_bb_size_&quot;:{&quot;current_class&quot;:&quot;bt_bb_size_small&quot;,&quot;def&quot;:&quot;small&quot;},&quot;bt_bb_align_&quot;:{&quot;current_class&quot;:&quot;bt_bb_align_inherit&quot;,&quot;def&quot;:&quot;inherit&quot;}}\"><a href=\"https:\/\/staging.leaderenaction.ca\/gagnez-en-productivite-maitrisez-vos-priorites-et-votre-temps\/\" target=\"_self\" class=\"bt_bb_link\" title=\"En savoir plus\"><span class=\"bt_bb_button_text\" >En savoir plus<\/span><\/a><\/div><div class=\"bt_bb_separator bt_bb_border_style_none bt_bb_bottom_spacing_normal\" data-bt-override-class=\"null\"><\/div><\/div><\/div><\/div><div data-bb-version=\"5.1.2\"  class=\"bt_bb_column col-xxl-3 col-xl-3 program-box bt_bb_vertical_align_top bt_bb_align_left bt_bb_padding_text_indent bt_bb_animation_fade_in move_up animate bt_bb_highlight\" style=\"; --column-width:3;--inner-background-position:top;--inner-background-size:cover;\" data-width=\"3\" data-bt-override-class=\"{&quot;bt_bb_align_&quot;:{&quot;current_class&quot;:&quot;bt_bb_align_left&quot;,&quot;def&quot;:&quot;left&quot;},&quot;bt_bb_padding_&quot;:{&quot;current_class&quot;:&quot;bt_bb_padding_text_indent&quot;,&quot;def&quot;:&quot;text_indent&quot;}}\"><div class=\"bt_bb_column_content\" style=\"--inner-background-inner-position:top;--inner-background-inner-size:cover;\"><div class=\"bt_bb_column_content_inner\"><div data-bb-version=\"5.1.2\" class=\"bt_bb_image bt_bb_shape_square bt_bb_target_self bt_bb_align_inherit bt_bb_hover_style_simple bt_bb_content_display_always bt_bb_content_align_middle bt_bb_fill_background_color_full\" data-bt-override-class=\"{&quot;bt_bb_align_&quot;:{&quot;current_class&quot;:&quot;bt_bb_align_inherit&quot;,&quot;def&quot;:&quot;inherit&quot;},&quot;bt_bb_content_display_&quot;:{&quot;current_class&quot;:&quot;bt_bb_content_display_always&quot;,&quot;def&quot;:&quot;always&quot;}}\"><span><img loading=\"lazy\" decoding=\"async\" width=\"2200\" height=\"1467\" src=\"https:\/\/staging.leaderenaction.ca\/wp-content\/uploads\/2019\/08\/you-x-ventures-Oalh2MojUuk-unsplash.jpg\" class=\"attachment-full size-full\" alt=\"https:\/\/staging.leaderenaction.ca\/wp-content\/uploads\/2019\/08\/you-x-ventures-Oalh2MojUuk-unsplash.jpg\" data-full_image_src=\"https:\/\/staging.leaderenaction.ca\/wp-content\/uploads\/2019\/08\/you-x-ventures-Oalh2MojUuk-unsplash.jpg\" title=\"you-x-ventures-Oalh2MojUuk-unsplash\" srcset=\"https:\/\/staging.leaderenaction.ca\/wp-content\/uploads\/2019\/08\/you-x-ventures-Oalh2MojUuk-unsplash.jpg 2200w, https:\/\/staging.leaderenaction.ca\/wp-content\/uploads\/2019\/08\/you-x-ventures-Oalh2MojUuk-unsplash-600x400.jpg 600w, https:\/\/staging.leaderenaction.ca\/wp-content\/uploads\/2019\/08\/you-x-ventures-Oalh2MojUuk-unsplash-640x427.jpg 640w, https:\/\/staging.leaderenaction.ca\/wp-content\/uploads\/2019\/08\/you-x-ventures-Oalh2MojUuk-unsplash-768x512.jpg 768w, https:\/\/staging.leaderenaction.ca\/wp-content\/uploads\/2019\/08\/you-x-ventures-Oalh2MojUuk-unsplash-1280x853.jpg 1280w, https:\/\/staging.leaderenaction.ca\/wp-content\/uploads\/2019\/08\/you-x-ventures-Oalh2MojUuk-unsplash-320x213.jpg 320w\" sizes=\"auto, (max-width: 2200px) 100vw, 2200px\" \/><\/span><\/div><header data-bb-version=\"5.1.2\" class=\"bt_bb_headline bt_bb_dash_top bt_bb_subheadline bt_bb_size_normal bt_bb_align_inherit\" data-bt-override-class=\"{&quot;bt_bb_size_&quot;:{&quot;current_class&quot;:&quot;bt_bb_size_normal&quot;,&quot;def&quot;:&quot;normal&quot;},&quot;bt_bb_align_&quot;:{&quot;current_class&quot;:&quot;bt_bb_align_inherit&quot;,&quot;def&quot;:&quot;inherit&quot;}}\"><h2 class=\"bt_bb_headline_tag\"><span class=\"bt_bb_headline_content\"><span><\/p><br \/>\n<p><u>Formations en 1 jour<\/u><\/span><\/span><\/h2><div class=\"bt_bb_headline_subheadline\">Gamme compl\u00e8te de formations et de conf\u00e9rences con\u00e7ues pour propulser vos comp\u00e9tences et celles de votre \u00e9quipe vers de nouveaux sommets.<\/div><\/header><div class=\"bt_bb_separator bt_bb_border_style_none bt_bb_bottom_spacing_small\" data-bt-override-class=\"null\"><\/div><div data-bb-version=\"5.0.1\" class=\"bt_bb_button bt_bb_color_scheme_6 bt_bb_icon_position_left bt_bb_style_filled bt_bb_size_small bt_bb_width_inline bt_bb_shape_inherit bt_bb_target_self bt_bb_text_transform_inherit bt_bb_align_inherit\" style=\"; --primary-color:#ffffff; --secondary-color:#ef3f3e;\" data-bt-override-class=\"{&quot;bt_bb_size_&quot;:{&quot;current_class&quot;:&quot;bt_bb_size_small&quot;,&quot;def&quot;:&quot;small&quot;},&quot;bt_bb_align_&quot;:{&quot;current_class&quot;:&quot;bt_bb_align_inherit&quot;,&quot;def&quot;:&quot;inherit&quot;}}\"><a href=\"https:\/\/staging.leaderenaction.ca\/programme-de-coaching\/formations-coaching\/\" target=\"_self\" class=\"bt_bb_link\" title=\"En savoir plus\"><span class=\"bt_bb_button_text\" >En savoir plus<\/span><\/a><\/div><div class=\"bt_bb_separator bt_bb_border_style_none bt_bb_bottom_spacing_normal\" data-bt-override-class=\"null\"><\/div><\/div><\/div><\/div><div data-bb-version=\"5.1.2\"  class=\"bt_bb_column col-xxl-3 col-xl-3 program-box bt_bb_vertical_align_top bt_bb_align_left bt_bb_padding_text_indent bt_bb_animation_fade_in move_up animate bt_bb_highlight\" style=\"; --column-width:3;--inner-background-position:top;--inner-background-size:cover;\" data-width=\"3\" data-bt-override-class=\"{&quot;bt_bb_align_&quot;:{&quot;current_class&quot;:&quot;bt_bb_align_left&quot;,&quot;def&quot;:&quot;left&quot;},&quot;bt_bb_padding_&quot;:{&quot;current_class&quot;:&quot;bt_bb_padding_text_indent&quot;,&quot;def&quot;:&quot;text_indent&quot;}}\"><div class=\"bt_bb_column_content\" style=\"--inner-background-inner-position:top;--inner-background-inner-size:cover;\"><div class=\"bt_bb_column_content_inner\"><div data-bb-version=\"5.1.2\" class=\"bt_bb_image bt_bb_shape_square bt_bb_target_self bt_bb_align_inherit bt_bb_hover_style_simple bt_bb_content_display_always bt_bb_content_align_middle bt_bb_fill_background_color_full\" data-bt-override-class=\"{&quot;bt_bb_align_&quot;:{&quot;current_class&quot;:&quot;bt_bb_align_inherit&quot;,&quot;def&quot;:&quot;inherit&quot;},&quot;bt_bb_content_display_&quot;:{&quot;current_class&quot;:&quot;bt_bb_content_display_always&quot;,&quot;def&quot;:&quot;always&quot;}}\"><span><img loading=\"lazy\" decoding=\"async\" width=\"917\" height=\"603\" src=\"https:\/\/staging.leaderenaction.ca\/wp-content\/uploads\/2024\/09\/Capture-4.jpg\" class=\"attachment-full size-full\" alt=\"https:\/\/staging.leaderenaction.ca\/wp-content\/uploads\/2024\/09\/Capture-4.jpg\" data-full_image_src=\"https:\/\/staging.leaderenaction.ca\/wp-content\/uploads\/2024\/09\/Capture-4.jpg\" title=\"Capture\" srcset=\"https:\/\/staging.leaderenaction.ca\/wp-content\/uploads\/2024\/09\/Capture-4.jpg 917w, https:\/\/staging.leaderenaction.ca\/wp-content\/uploads\/2024\/09\/Capture-4-600x395.jpg 600w, https:\/\/staging.leaderenaction.ca\/wp-content\/uploads\/2024\/09\/Capture-4-640x421.jpg 640w, https:\/\/staging.leaderenaction.ca\/wp-content\/uploads\/2024\/09\/Capture-4-768x505.jpg 768w, https:\/\/staging.leaderenaction.ca\/wp-content\/uploads\/2024\/09\/Capture-4-320x210.jpg 320w\" sizes=\"auto, (max-width: 917px) 100vw, 917px\" \/><\/span><\/div><header data-bb-version=\"5.0.1\" class=\"bt_bb_headline bt_bb_dash_top bt_bb_subheadline bt_bb_size_normal bt_bb_align_inherit\" data-bt-override-class=\"{&quot;bt_bb_size_&quot;:{&quot;current_class&quot;:&quot;bt_bb_size_normal&quot;,&quot;def&quot;:&quot;normal&quot;},&quot;bt_bb_align_&quot;:{&quot;current_class&quot;:&quot;bt_bb_align_inherit&quot;,&quot;def&quot;:&quot;inherit&quot;}}\"><h2 class=\"bt_bb_headline_tag\"><span class=\"bt_bb_headline_content\"><span><br \/><br \/>\n<u>Programmes femmes professionnelles<\/u><\/span><\/span><\/h2><div class=\"bt_bb_headline_subheadline\">Prendre confiance en vous, r\u00e9v\u00e9ler votre potentiel de femme leader et \u00eatre impactante au quotidien et en toutes circonstances. Passez \u00e0 la vitesse sup\u00e9rieure.<\/div><\/header><div class=\"bt_bb_separator bt_bb_border_style_none bt_bb_bottom_spacing_small\" data-bt-override-class=\"null\"><\/div><div data-bb-version=\"5.0.1\" class=\"bt_bb_button bt_bb_color_scheme_6 bt_bb_icon_position_left bt_bb_style_filled bt_bb_size_small bt_bb_width_inline bt_bb_shape_inherit bt_bb_target_self bt_bb_text_transform_inherit bt_bb_align_inherit\" style=\"; --primary-color:#ffffff; --secondary-color:#ef3f3e;\" data-bt-override-class=\"{&quot;bt_bb_size_&quot;:{&quot;current_class&quot;:&quot;bt_bb_size_small&quot;,&quot;def&quot;:&quot;small&quot;},&quot;bt_bb_align_&quot;:{&quot;current_class&quot;:&quot;bt_bb_align_inherit&quot;,&quot;def&quot;:&quot;inherit&quot;}}\"><a href=\"https:\/\/staging.leaderenaction.ca\/programme-de-coaching\/programmes-femmes-professionnelles\/\" target=\"_self\" class=\"bt_bb_link\" title=\"En savoir plus\"><span class=\"bt_bb_button_text\" >En savoir plus<\/span><\/a><\/div><div class=\"bt_bb_separator bt_bb_border_style_none bt_bb_bottom_spacing_normal\" data-bt-override-class=\"null\"><\/div><\/div><\/div><\/div><div data-bb-version=\"5.1.2\"  class=\"bt_bb_column col-xxl-3 col-xl-3 program-box bt_bb_vertical_align_top bt_bb_align_left bt_bb_padding_text_indent bt_bb_animation_fade_in move_up animate bt_bb_highlight\" style=\"; --column-width:3;--inner-background-position:top;--inner-background-size:cover;\" data-width=\"3\" data-bt-override-class=\"{&quot;bt_bb_align_&quot;:{&quot;current_class&quot;:&quot;bt_bb_align_left&quot;,&quot;def&quot;:&quot;left&quot;},&quot;bt_bb_padding_&quot;:{&quot;current_class&quot;:&quot;bt_bb_padding_text_indent&quot;,&quot;def&quot;:&quot;text_indent&quot;}}\"><div class=\"bt_bb_column_content\" style=\"--inner-background-inner-position:top;--inner-background-inner-size:cover;\"><div class=\"bt_bb_column_content_inner\"><div data-bb-version=\"5.1.2\" class=\"bt_bb_image bt_bb_shape_square bt_bb_target_self bt_bb_align_inherit bt_bb_hover_style_simple bt_bb_content_display_always bt_bb_content_align_middle bt_bb_fill_background_color_full\" data-bt-override-class=\"{&quot;bt_bb_align_&quot;:{&quot;current_class&quot;:&quot;bt_bb_align_inherit&quot;,&quot;def&quot;:&quot;inherit&quot;},&quot;bt_bb_content_display_&quot;:{&quot;current_class&quot;:&quot;bt_bb_content_display_always&quot;,&quot;def&quot;:&quot;always&quot;}}\"><span><img loading=\"lazy\" decoding=\"async\" width=\"2200\" height=\"1467\" src=\"https:\/\/staging.leaderenaction.ca\/wp-content\/uploads\/2024\/08\/pexels-tima-miroshnichenko-5686124.jpg\" class=\"attachment-full size-full\" alt=\"https:\/\/staging.leaderenaction.ca\/wp-content\/uploads\/2024\/08\/pexels-tima-miroshnichenko-5686124.jpg\" data-full_image_src=\"https:\/\/staging.leaderenaction.ca\/wp-content\/uploads\/2024\/08\/pexels-tima-miroshnichenko-5686124.jpg\" title=\"pexels-tima-miroshnichenko-5686124\" srcset=\"https:\/\/staging.leaderenaction.ca\/wp-content\/uploads\/2024\/08\/pexels-tima-miroshnichenko-5686124.jpg 2200w, https:\/\/staging.leaderenaction.ca\/wp-content\/uploads\/2024\/08\/pexels-tima-miroshnichenko-5686124-600x400.jpg 600w, https:\/\/staging.leaderenaction.ca\/wp-content\/uploads\/2024\/08\/pexels-tima-miroshnichenko-5686124-640x427.jpg 640w, https:\/\/staging.leaderenaction.ca\/wp-content\/uploads\/2024\/08\/pexels-tima-miroshnichenko-5686124-1280x854.jpg 1280w, https:\/\/staging.leaderenaction.ca\/wp-content\/uploads\/2024\/08\/pexels-tima-miroshnichenko-5686124-768x512.jpg 768w, https:\/\/staging.leaderenaction.ca\/wp-content\/uploads\/2024\/08\/pexels-tima-miroshnichenko-5686124-1536x1024.jpg 1536w, https:\/\/staging.leaderenaction.ca\/wp-content\/uploads\/2024\/08\/pexels-tima-miroshnichenko-5686124-2048x1366.jpg 2048w, https:\/\/staging.leaderenaction.ca\/wp-content\/uploads\/2024\/08\/pexels-tima-miroshnichenko-5686124-320x213.jpg 320w\" sizes=\"auto, (max-width: 2200px) 100vw, 2200px\" \/><\/span><\/div><header data-bb-version=\"5.1.2\" class=\"bt_bb_headline bt_bb_dash_top bt_bb_subheadline bt_bb_size_normal bt_bb_align_inherit\" data-bt-override-class=\"{&quot;bt_bb_size_&quot;:{&quot;current_class&quot;:&quot;bt_bb_size_normal&quot;,&quot;def&quot;:&quot;normal&quot;},&quot;bt_bb_align_&quot;:{&quot;current_class&quot;:&quot;bt_bb_align_inherit&quot;,&quot;def&quot;:&quot;inherit&quot;}}\"><h2 class=\"bt_bb_headline_tag\"><span class=\"bt_bb_headline_content\"><span><br \/><br \/>\n<u>Coaching de productivit\u00e9 individuel et d'\u00e9quipe<\/u><\/span><\/span><\/h2><div class=\"bt_bb_headline_subheadline\">Vous avez diff\u00e9rents d\u00e9fis ? Il est temps de vous faire accompagner pour prendre des d\u00e9cisions \u00e9clair\u00e9es.<\/div><\/header><div class=\"bt_bb_separator bt_bb_border_style_none bt_bb_bottom_spacing_small\" data-bt-override-class=\"null\"><\/div><div data-bb-version=\"5.0.1\" class=\"bt_bb_button bt_bb_color_scheme_6 bt_bb_icon_position_left bt_bb_style_filled bt_bb_size_small bt_bb_width_inline bt_bb_shape_inherit bt_bb_target_self bt_bb_text_transform_inherit bt_bb_align_inherit\" style=\"; --primary-color:#ffffff; --secondary-color:#ef3f3e;\" data-bt-override-class=\"{&quot;bt_bb_size_&quot;:{&quot;current_class&quot;:&quot;bt_bb_size_small&quot;,&quot;def&quot;:&quot;small&quot;},&quot;bt_bb_align_&quot;:{&quot;current_class&quot;:&quot;bt_bb_align_inherit&quot;,&quot;def&quot;:&quot;inherit&quot;}}\"><a href=\"https:\/\/staging.leaderenaction.ca\/coaching-de-productivite-individuel-et-dequipe\/\" target=\"_self\" class=\"bt_bb_link\" title=\"En savoir plus\"><span class=\"bt_bb_button_text\" >En savoir plus<\/span><\/a><\/div><div class=\"bt_bb_separator bt_bb_border_style_none bt_bb_bottom_spacing_normal\" data-bt-override-class=\"null\"><\/div><\/div><\/div><\/div><\/div><\/div><\/div><!-- cell_inner --><\/div><!-- cell --><\/div><!-- port --><\/section><\/p>\n","protected":false},"excerpt":{"rendered":"","protected":false},"author":5,"featured_media":7009,"parent":0,"menu_order":0,"comment_status":"closed","ping_status":"closed","template":"","meta":{"_acf_changed":false,"footnotes":""},"class_list":["post-5679","page","type-page","status-publish","has-post-thumbnail","hentry"],"acf":[],"aioseo_notices":[],"_links":{"self":[{"href":"https:\/\/staging.leaderenaction.ca\/en\/wp-json\/wp\/v2\/pages\/5679","targetHints":{"allow":["GET"]}}],"collection":[{"href":"https:\/\/staging.leaderenaction.ca\/en\/wp-json\/wp\/v2\/pages"}],"about":[{"href":"https:\/\/staging.leaderenaction.ca\/en\/wp-json\/wp\/v2\/types\/page"}],"author":[{"embeddable":true,"href":"https:\/\/staging.leaderenaction.ca\/en\/wp-json\/wp\/v2\/users\/5"}],"replies":[{"embeddable":true,"href":"https:\/\/staging.leaderenaction.ca\/en\/wp-json\/wp\/v2\/comments?post=5679"}],"version-history":[{"count":9,"href":"https:\/\/staging.leaderenaction.ca\/en\/wp-json\/wp\/v2\/pages\/5679\/revisions"}],"predecessor-version":[{"id":6186,"href":"https:\/\/staging.leaderenaction.ca\/en\/wp-json\/wp\/v2\/pages\/5679\/revisions\/6186"}],"wp:featuredmedia":[{"embeddable":true,"href":"https:\/\/staging.leaderenaction.ca\/en\/wp-json\/wp\/v2\/media\/7009"}],"wp:attachment":[{"href":"https:\/\/staging.leaderenaction.ca\/en\/wp-json\/wp\/v2\/media?parent=5679"}],"curies":[{"name":"wp","href":"https:\/\/api.w.org\/{rel}","templated":true}]}}